{"id":118,"date":"2022-12-01T13:36:28","date_gmt":"2022-12-01T13:36:28","guid":{"rendered":"http:\/\/dummy.xtemos.com\/woodmart2\/mega-electronics-elementor\/?page_id=118"},"modified":"2022-12-01T13:36:28","modified_gmt":"2022-12-01T13:36:28","slug":"wishlist","status":"publish","type":"page","link":"https:\/\/vapiy.com\/hu\/wishlist\/","title":{"rendered":"K\u00edv\u00e1ns\u00e1glista"},"content":{"rendered":"<div data-elementor-type=\"wp-page\" data-elementor-id=\"118\" class=\"elementor elementor-118\" data-elementor-post-type=\"page\">\n\t\t\t\t\t\t<section data-particle_enable=\"false\" data-particle-mobile-disabled=\"false\" class=\"wd-negative-gap elementor-section elementor-top-section elementor-element elementor-element-f8863df elementor-section-boxed elementor-section-height-default elementor-section-height-default\" data-id=\"f8863df\" data-element_type=\"section\">\n\t\t\t\t\t\t<div class=\"elementor-container elementor-column-gap-default\">\n\t\t\t\t\t<div class=\"elementor-column elementor-col-100 elementor-top-column elementor-element elementor-element-521f086\" data-id=\"521f086\" data-element_type=\"column\">\n\t\t\t<div class=\"elementor-widget-wrap elementor-element-populated\">\n\t\t\t\t\t\t<div class=\"elementor-element elementor-element-e2ed285 elementor-widget elementor-widget-wd_wishlist\" data-id=\"e2ed285\" data-element_type=\"widget\" data-widget_type=\"wd_wishlist.default\">\n\t\t\t\t<div class=\"elementor-widget-container\">\n\t\t\t\t\t\t\t\n\t\t\n\n\t\t\t\t<div class=\"\" >\n\t\t\t\t\t\t<div class=\"wd-wishlist-content\">\n\t\t\t\t\t\t\t\t\t\t\t\n\t\t<p class=\"wd-empty-wishlist wd-empty-page\">\n\t\t\tEz a k\u00edv\u00e1ns\u00e1glista \u00fcres.\t\t<\/p>\n\n\t\t\t\t\t<div class=\"wd-empty-page-text\">\n\t\t\t\tJelenleg m\u00e9g nincs egyetlen term\u00e9k sem a k\u00edv\u00e1ns\u00e1glist\u00e1j\u00e1n. Sz\u00e1mos \u00e9rdekes term\u00e9ket tal\u00e1l a \u201eShop\u201d oldalon.\t\t\t<\/div>\n\t\t\n\t\t\n\t\t\t\t\t<p class=\"return-to-shop\">\n\t\t\t\t<a class=\"button\" href=\"https:\/\/vapiy.com\/hu\/shop\/\">\n\t\t\t\t\tVissza a v\u00e1s\u00e1rl\u00e1shoz\t\t\t\t<\/a>\n\t\t\t<\/p>\n\t\t\t\t\t\t\t\t\t\t\t<\/div>\n\t\t\t\t<\/div>\n\t\t\t\t\t\t<\/div>\n\t\t\t\t<\/div>\n\t\t\t\t\t<\/div>\n\t\t<\/div>\n\t\t\t\t\t<\/div>\n\t\t<\/section>\n\t\t\t\t<\/div>","protected":false},"excerpt":{"rendered":"<p>Fi\u00f3kom Vez\u00e9rl\u0151pult Rendel\u00e9sek Let\u00f6lt\u00e9sek C\u00edmek Fi\u00f3kadatok K\u00edv\u00e1ns\u00e1glista Kijelentkez\u00e9s Az \u00d6n k\u00edv\u00e1ns\u00e1glist\u00e1s term\u00e9kei Megoszt\u00e1s: Elt\u00e1vol\u00edt\u00e1s \u00d6sszes kijel\u00f6l\u00e9se Kijel\u00f6l\u00e9s megsz\u00fcntet\u00e9se<\/p>","protected":false},"author":1,"featured_media":0,"parent":0,"menu_order":0,"comment_status":"closed","ping_status":"closed","template":"","meta":{"footnotes":""},"class_list":["post-118","page","type-page","status-publish","hentry"],"jetpack_sharing_enabled":true,"_links":{"self":[{"href":"https:\/\/vapiy.com\/hu\/wp-json\/wp\/v2\/pages\/118","targetHints":{"allow":["GET"]}}],"collection":[{"href":"https:\/\/vapiy.com\/hu\/wp-json\/wp\/v2\/pages"}],"about":[{"href":"https:\/\/vapiy.com\/hu\/wp-json\/wp\/v2\/types\/page"}],"author":[{"embeddable":true,"href":"https:\/\/vapiy.com\/hu\/wp-json\/wp\/v2\/users\/1"}],"replies":[{"embeddable":true,"href":"https:\/\/vapiy.com\/hu\/wp-json\/wp\/v2\/comments?post=118"}],"version-history":[{"count":0,"href":"https:\/\/vapiy.com\/hu\/wp-json\/wp\/v2\/pages\/118\/revisions"}],"wp:attachment":[{"href":"https:\/\/vapiy.com\/hu\/wp-json\/wp\/v2\/media?parent=118"}],"curies":[{"name":"wp","href":"https:\/\/api.w.org\/{rel}","templated":true}]}}