{"id":29246,"date":"2025-12-22T16:09:46","date_gmt":"2025-12-23T00:09:46","guid":{"rendered":"https:\/\/vatpe.com\/?page_id=29246"},"modified":"2026-02-28T17:17:58","modified_gmt":"2026-03-01T01:17:58","slug":"wholesale-and-dealer-program","status":"publish","type":"page","link":"https:\/\/vapiy.com\/pt\/wholesale-and-dealer-program\/","title":{"rendered":"Programa de Grossista &amp; Revendedor"},"content":{"rendered":"<div class=\"vazpe-main\">\n    <div class=\"vazpe-container\">\n        <div class=\"vazpe-page-header\">\n            <h1 class=\"vazpe-title-xl\">Programa de Grossista, Revendedor &#038; OEM<\/h1>\n            <p class=\"vazpe-text\">Trabalhe diretamente com o fabricante para obter margens imbat\u00edveis, qualidade premium e solu\u00e7\u00f5es empresariais flex\u00edveis.<\/p>\n        <\/div>\n\n        <div class=\"vazpe-page-content\">\n            <section class=\"vazpe-section\">\n                <div class=\"vazpe-highlight-box\">\n                    <h3 class=\"vazpe-title-md\">Fabricante Direto &#038; Cadeia de Abastecimento Robusta<\/h3>\n                    <p class=\"vazpe-text\">\n                        Ao contr\u00e1rio dos distribuidores tradicionais, a VAZPE \u00e9 uma <strong>empresa integrada de ind\u00fastria e com\u00e9rcio<\/strong>. Somos propriet\u00e1rios das nossas modernas instala\u00e7\u00f5es de fabrico, integrando de forma eficiente I&#038;D, produ\u00e7\u00e3o e vendas globais. Com uma forte vantagem na cadeia de abastecimento, eliminamos os intermedi\u00e1rios para lhe oferecer margens de lucro m\u00e1ximas diretamente. Atualmente, servimos e apoiamos com orgulho <strong>mais de 10.000 parceiros de neg\u00f3cio em todo o mundo<\/strong> em mais de 50 pa\u00edses.\n                    <\/p>\n                <\/div>\n            <\/section>\n\n            <section class=\"vazpe-section\">\n                <h2 class=\"vazpe-title-lg\">Oportunidades de Parceria Flex\u00edveis<\/h2>\n                <p class=\"vazpe-text\">Quer seja um distribuidor global ou uma loja de vape local em crescimento, temos solu\u00e7\u00f5es \u00e0 medida para expandir o seu neg\u00f3cio.<\/p>\n                \n                <div class=\"vazpe-grid vazpe-grid-3\">\n                    <div class=\"vazpe-card\">\n                        <h3 class=\"vazpe-title-md\">Retalhistas em Crescimento (Adequado para Pequenas Empresas)<\/h3>\n                        <p class=\"vazpe-text\">\n                            Perfeito para lojas de vape locais, startups online e lojas especializadas que procuram uma fonte de produtos fi\u00e1vel sem grandes encargos financeiros.\n                        <\/p>\n                        <ul class=\"vazpe-content-list\">\n                            <li><strong>MOQ baixo<\/strong> para o ajudar a testar o mercado<\/li>\n                            <li>Envio r\u00e1pido &#038; apoio responsivo<\/li>\n                            <li>Materiais de marketing &#038; exposi\u00e7\u00e3o gratuitos<\/li>\n                            <li>Sem processos de aprova\u00e7\u00e3o complexos<\/li>\n                        <\/ul>\n                    <\/div>\n                    <div class=\"vazpe-card\">\n                        <h3 class=\"vazpe-title-md\">Grossistas &#038; Distribuidores<\/h3>\n                        <p class=\"vazpe-text\">\n                            Ideal para empresas estabelecidas com redes de distribui\u00e7\u00e3o s\u00f3lidas que necessitam de grandes volumes e fornecimento est\u00e1vel.\n                        <\/p>\n                        <ul class=\"vazpe-content-list\">\n                            <li>Pre\u00e7os grossistas imbat\u00edveis, diretamente da f\u00e1brica<\/li>\n                            <li>Prote\u00e7\u00e3o exclusiva de territ\u00f3rio dispon\u00edvel<\/li>\n                            <li>Produ\u00e7\u00e3o priorit\u00e1ria &#038; gestor de conta dedicado<\/li>\n                            <li>Incentivos progressivos com base no volume<\/li>\n                        <\/ul>\n                    <\/div>\n                    <div class=\"vazpe-card\">\n                        <h3 class=\"vazpe-title-md\">Personaliza\u00e7\u00e3o OEM \/ ODM<\/h3>\n                        <p class=\"vazpe-text\">\n                            Quer criar a sua pr\u00f3pria marca? Tire partido da nossa capacidade de I&#038;D e produ\u00e7\u00e3o para transformar a sua vis\u00e3o em realidade.\n                        <\/p>\n                        <ul class=\"vazpe-content-list\">\n                            <li>Desenvolvimento personalizado de produto de ponta a ponta<\/li>\n                            <li>Marca pr\u00f3pria &#038; embalagem personalizada<\/li>\n                            <li>Formula\u00e7\u00e3o exclusiva de sabores<\/li>\n                            <li>Controlo de Qualidade (QC) rigoroso em todas as etapas<\/li>\n                        <\/ul>\n                    <\/div>\n                <\/div>\n            <\/section>\n\n            <section class=\"vazpe-section\">\n                <h2 class=\"vazpe-title-lg\">Porqu\u00ea escolher a VAZPE como seu fornecedor?<\/h2>\n                \n                <div class=\"vazpe-grid vazpe-grid-2\">\n                    <div class=\"vazpe-card\">\n                        <h3 class=\"vazpe-title-md\">Margens de lucro incompar\u00e1veis<\/h3>\n                        <p class=\"vazpe-text\">\n                            Como compra diretamente \u00e0 nossa f\u00e1brica, n\u00e3o existem margens de intermedi\u00e1rios. Oferecemos estruturas de pre\u00e7os altamente competitivas e escalonadas, ajustadas ao seu volume de encomenda e modelo de neg\u00f3cio. <strong>Contacte hoje a nossa equipa comercial VIP para obter o seu or\u00e7amento personalizado.<\/strong>\n                        <\/p>\n                    <\/div>\n                    <div class=\"vazpe-card\">\n                        <h3 class=\"vazpe-title-md\">Cadeia de abastecimento est\u00e1vel &#038; robusta<\/h3>\n                        <p class=\"vazpe-text\">\n                            Ruturas de stock custam-lhe dinheiro. A nossa capacidade de produ\u00e7\u00e3o interna e a s\u00f3lida cadeia de abastecimento de mat\u00e9rias-primas garantem que, mesmo nas \u00e9pocas de maior procura, as suas encomendas s\u00e3o entregues atempadamente, sempre.\n                        <\/p>\n                    <\/div>\n                    <div class=\"vazpe-card\">\n                        <h3 class=\"vazpe-title-md\">Garantia de qualidade premium<\/h3>\n                        <p class=\"vazpe-text\">\n                            Todos os produtos VAZPE passam por rigorosos testes internacionais de controlo de qualidade antes de sa\u00edrem da nossa f\u00e1brica. Defendemos a qualidade do nosso fabrico, garantindo que os seus clientes continuam a voltar para comprar mais.\n                        <\/p>\n                    <\/div>\n                    <div class=\"vazpe-card\">\n                        <h3 class=\"vazpe-title-md\">Apoio de marketing &#038; marca<\/h3>\n                        <p class=\"vazpe-text\">\n                            N&#8217;ao nos limitamos a vender-lhe produtos; ajudamo-lo a vend\u00ea-los. Tenha acesso \u00e0 nossa vasta biblioteca de fotografia de produto de alta qualidade, recursos para redes sociais e insights de marketing localizados.\n                        <\/p>\n                    <\/div>\n                <\/div>\n            <\/section>\n\n            <section class=\"vazpe-section\">\n                <h2 class=\"vazpe-title-lg\">Um arranque sem complica\u00e7\u00f5es<\/h2>\n                <p class=\"vazpe-text\">Acreditamos em tornar os neg\u00f3cios simples. Esque\u00e7a montanhas de papelada. Eis como come\u00e7amos esta jornada juntos:<\/p>\n                \n                <div class=\"vazpe-grid vazpe-grid-3\">\n                    <div class=\"vazpe-card\">\n                        <h3 class=\"vazpe-title-md\">Passo 1: Entre em contacto<\/h3>\n                        <p class=\"vazpe-text\">Envie-nos um e-mail a falar-nos um pouco sobre o seu neg\u00f3cio \u2014 quer seja uma startup \u00e0 procura de Low MOQ ou uma grande empresa \u00e0 procura de OEM.<\/p>\n                    <\/div>\n                    <div class=\"vazpe-card\">\n                        <h3 class=\"vazpe-title-md\">Passo 2: Proposta personalizada<\/h3>\n                        <p class=\"vazpe-text\">O nosso gestor B2B dedicado entrar\u00e1 imediatamente em contacto consigo para compreender as suas necessidades e apresentar uma proposta de pre\u00e7os direta de f\u00e1brica.<\/p>\n                    <\/div>\n                    <div class=\"vazpe-card\">\n                        <h3 class=\"vazpe-title-md\">Passo 3: Enviar &#038; Crescer<\/h3>\n                        <p class=\"vazpe-text\">Assim que confirmado, a nossa f\u00e1brica expede a sua encomenda com rapidez. Depois, continuamos a prestar apoio para o ajudar a dominar o seu mercado local.<\/p>\n                    <\/div>\n                <\/div>\n            <\/section>\n\n            <section class=\"vazpe-section\">\n                <h2 class=\"vazpe-title-lg\">Perguntas Frequentes<\/h2>\n\n                <div class=\"vazpe-faq-item\">\n                    <h3 class=\"vazpe-faq-question\">Tenho uma empresa pequena\/recente. Ainda posso comprar por grosso?<\/h3>\n                    <div class=\"vazpe-faq-answer\">\n                        <p class=\"vazpe-text\">\n                            Claro! Valorizamos muito os nossos parceiros em crescimento. Oferecemos op\u00e7\u00f5es muito acess\u00edveis de <strong>MOQ baixo (Quantidade M\u00ednima de Encomenda)<\/strong> para o ajudar a come\u00e7ar sem comprometer o seu fluxo de caixa. Contacte-nos e encontraremos o pacote inicial perfeito para si.\n                        <\/p>\n                    <\/div>\n                <\/div>\n\n                <div class=\"vazpe-faq-item\">\n                    <h3 class=\"vazpe-faq-question\">Oferecem servi\u00e7os OEM\/ODM?<\/h3>\n                    <div class=\"vazpe-faq-answer\">\n                        <p class=\"vazpe-text\">\n                            Sim. Como fabricante integrado de ind\u00fastria e com\u00e9rcio, OEM e ODM s\u00e3o dos nossos principais pontos fortes. Desde o design industrial e a formula\u00e7\u00e3o de sabores at\u00e9 \u00e0 embalagem personalizada, a nossa equipa de engenharia pode criar a sua marca \u00fanica de raiz.\n                        <\/p>\n                    <\/div>\n                <\/div>\n\n                <div class=\"vazpe-faq-item\">\n                    <h3 class=\"vazpe-faq-question\">Como sei que desconto vou receber?<\/h3>\n                    <div class=\"vazpe-faq-answer\">\n                        <p class=\"vazpe-text\">\n                            Como fornecemos diretamente da f\u00e1brica, os nossos pre\u00e7os s\u00e3o din\u00e2micos e altamente competitivos. Em vez de n\u00edveis de desconto r\u00edgidos, atribu\u00edmos-lhe um gestor de conta dedicado que ir\u00e1 criar uma estrat\u00e9gia de pre\u00e7os personalizada com base no seu volume, mercado e modelo de parceria. \n                        <\/p>\n                    <\/div>\n                <\/div>\n            <\/section>\n\n            <section class=\"vazpe-section\">\n                <h2 class=\"vazpe-title-lg\">Entre Hoje em Contacto com a Nossa F\u00e1brica<\/h2>\n                \n                <div class=\"vazpe-highlight-box\">\n                    <h3 class=\"vazpe-title-md\">Pronto para Melhorar a Sua Cadeia de Abastecimento?<\/h3>\n                    <p class=\"vazpe-text\">\n                        Ignore os intermedi\u00e1rios. Garanta o seu fornecimento. Maximize os seus lucros. Contacte hoje a nossa equipa global B2B para discutir oportunidades de venda por grosso, distribui\u00e7\u00e3o ou OEM.\n                    <\/p>\n                    \n                    <div class=\"vazpe-contact-info\">\n                        <div class=\"vazpe-contact-item\">\n                            <span class=\"vazpe-contact-label\">B2B &#038; Venda por Grosso VIP:<\/span>\n                            <span class=\"vazpe-contact-value\">\n                                <a href=\"mailto:wholesale@vapiy.com\">wholesale@vapiy.com<\/a>\n                            <\/span>\n                        <\/div>\n                        <div class=\"vazpe-contact-item\">\n                            <span class=\"vazpe-contact-label\">Pedidos OEM \/ ODM:<\/span>\n                            <span class=\"vazpe-contact-value\">\n                                <a href=\"mailto:support@vapiy.com\">support@vapiy.com<\/a>\n                            <\/span>\n                        <\/div>\n                        <div class=\"vazpe-contact-item\">\n                            <span class=\"vazpe-contact-label\">Escrit\u00f3rio Europeu:<\/span>\n                            <span class=\"vazpe-contact-value\">\n                                Wohn Und Gesch\u00e4ftshaus<br>\n                                Friedrichstra\u00dfe 22<br>\n                                01067 Dresden, Alemanha<br>\n                                <span class=\"vazpe-contact-note\">(Endere\u00e7o do escrit\u00f3rio \u2013 n\u00e3o para correspond\u00eancia)<\/span>\n                            <\/span>\n                        <\/div>\n                    <\/div>\n                    \n                    <p class=\"vazpe-text vazpe-text-center\">\n                        <a href=\"\/pt\/contact-us\/\" class=\"vazpe-btn vazpe-btn-secondary\">Pedir um Or\u00e7amento Personalizado<\/a>\n                    <\/p>\n                <\/div>\n            <\/section>\n\n            <section class=\"vazpe-section\">\n                <div class=\"vazpe-warning-box\">\n                    <h3 class=\"vazpe-title-md\">Aviso Importante<\/h3>\n                    <p class=\"vazpe-text\">\n                        <strong>Conformidade em Primeiro Lugar:<\/strong> Os produtos VAZPE destinam-se exclusivamente a adultos. Todos os parceiros devem garantir o cumprimento das leis locais de verifica\u00e7\u00e3o de idade e dos regulamentos aplic\u00e1veis a cigarros eletr\u00f3nicos\/tabaco nas respetivas jurisdi\u00e7\u00f5es.\n                    <\/p>\n                <\/div>\n            <\/section>\n        <\/div>\n    <\/div>\n<\/div>\n\n\n\n<p><\/p>","protected":false},"excerpt":{"rendered":"<p>Programa de Grossista, Revendedor &#038; OEM Fa\u00e7a parceria diretamente com o fabricante para obter margens imbat\u00edveis, qualidade premium e solu\u00e7\u00f5es empresariais flex\u00edveis. Direto<\/p>","protected":false},"author":1,"featured_media":0,"parent":0,"menu_order":0,"comment_status":"closed","ping_status":"closed","template":"","meta":{"footnotes":""},"class_list":["post-29246","page","type-page","status-publish","hentry"],"jetpack_sharing_enabled":true,"_links":{"self":[{"href":"https:\/\/vapiy.com\/pt\/wp-json\/wp\/v2\/pages\/29246","targetHints":{"allow":["GET"]}}],"collection":[{"href":"https:\/\/vapiy.com\/pt\/wp-json\/wp\/v2\/pages"}],"about":[{"href":"https:\/\/vapiy.com\/pt\/wp-json\/wp\/v2\/types\/page"}],"author":[{"embeddable":true,"href":"https:\/\/vapiy.com\/pt\/wp-json\/wp\/v2\/users\/1"}],"replies":[{"embeddable":true,"href":"https:\/\/vapiy.com\/pt\/wp-json\/wp\/v2\/comments?post=29246"}],"version-history":[{"count":5,"href":"https:\/\/vapiy.com\/pt\/wp-json\/wp\/v2\/pages\/29246\/revisions"}],"predecessor-version":[{"id":32827,"href":"https:\/\/vapiy.com\/pt\/wp-json\/wp\/v2\/pages\/29246\/revisions\/32827"}],"wp:attachment":[{"href":"https:\/\/vapiy.com\/pt\/wp-json\/wp\/v2\/media?parent=29246"}],"curies":[{"name":"wp","href":"https:\/\/api.w.org\/{rel}","templated":true}]}}